{"id":115,"date":"2019-01-09T07:58:29","date_gmt":"2019-01-09T04:58:29","guid":{"rendered":"https:\/\/elitasgroup.lt\/contact\/"},"modified":"2025-07-22T19:43:44","modified_gmt":"2025-07-22T16:43:44","slug":"contact","status":"publish","type":"page","link":"https:\/\/elitasgroup.lt\/lt\/contact\/","title":{"rendered":"Kontaktai"},"content":{"rendered":"<div data-elementor-type=\"wp-post\" data-elementor-id=\"115\" class=\"elementor elementor-115\">\n\t\t\t\t<div class=\"aux-parallax-section elementor-element elementor-element-ecd793c e-con-full e-flex e-con e-parent\" data-id=\"ecd793c\" data-element_type=\"container\">\n\t\t<div class=\"elementor-element elementor-element-b89b66e e-con-full e-flex e-con e-child\" data-id=\"b89b66e\" data-element_type=\"container\">\n\t\t\t\t<div class=\"elementor-element elementor-element-139a068 aux-appear-watch-animation aux-fade-in-up elementor-widget elementor-widget-aux_modern_heading\" data-id=\"139a068\" data-element_type=\"widget\" data-widget_type=\"aux_modern_heading.default\">\n\t\t\t\t<div class=\"elementor-widget-container\">\n\t\t\t\t\t<section class=\"aux-widget-modern-heading\">\n            <div class=\"aux-widget-inner\"><div class=\"aux-modern-heading-divider\"><\/div><h2 class=\"aux-modern-heading-primary\">Kontaktai<\/h2><h3 class=\"aux-modern-heading-secondary\"><span class=\"aux-head-before\">Susisiekite su mumis<\/span><\/h3><div class=\"aux-modern-heading-description\"><p>Nesvarbu, ar jums reikia asfaltavimo, pagrindo paruo\u0161imo ar visos teritorijos \u012frengimo \u2013 mes pasiruo\u0161\u0119 pad\u0117ti. Para\u0161ykite mums, ir m\u016bs\u0173 komanda netrukus su jumis susisieks.<\/p><\/div><\/div>\n        <\/section>\t\t\t\t<\/div>\n\t\t\t\t<\/div>\n\t\t\t\t<div class=\"elementor-element elementor-element-fdce22a aux-appear-watch-animation aux-fade-in-up elementor-widget elementor-widget-aux_contact_form\" data-id=\"fdce22a\" data-element_type=\"widget\" data-widget_type=\"aux_contact_form.default\">\n\t\t\t\t<div class=\"elementor-widget-container\">\n\t\t\t\t\t<section class=\"widget-container aux-widget-contact-form aux-parent-au09f2ce7d\">            <div class=\"aux-col-wrapper aux-no-gutter\">\n            <!-- @TODO - The output for element here -->\n\n            \n<div class=\"wpcf7 no-js\" id=\"wpcf7-f101-o1\" lang=\"en-US\" dir=\"ltr\" data-wpcf7-id=\"101\">\n<div class=\"screen-reader-response\"><p role=\"status\" aria-live=\"polite\" aria-atomic=\"true\"><\/p> <ul><\/ul><\/div>\n<form action=\"\/lt\/wp-json\/wp\/v2\/pages\/115#wpcf7-f101-o1\" method=\"post\" class=\"wpcf7-form init\" aria-label=\"Contact form\" novalidate=\"novalidate\" data-status=\"init\" data-trp-original-action=\"\/lt\/wp-json\/wp\/v2\/pages\/115#wpcf7-f101-o1\">\n<fieldset class=\"hidden-fields-container\"><input type=\"hidden\" name=\"_wpcf7\" value=\"101\" \/><input type=\"hidden\" name=\"_wpcf7_version\" value=\"6.1\" \/><input type=\"hidden\" name=\"_wpcf7_locale\" value=\"en_US\" \/><input type=\"hidden\" name=\"_wpcf7_unit_tag\" value=\"wpcf7-f101-o1\" \/><input type=\"hidden\" name=\"_wpcf7_container_post\" value=\"0\" \/><input type=\"hidden\" name=\"_wpcf7_posted_data_hash\" value=\"\" \/>\n<\/fieldset>\n<span class=\"wpcf7-form-control-wrap\" data-name=\"Name-789\"><input size=\"40\" maxlength=\"400\" class=\"wpcf7-form-control wpcf7-text\" aria-invalid=\"false\" placeholder=\"Vardas\" value=\"\" type=\"text\" name=\"Name-789\" \/><\/span>\n<span class=\"wpcf7-form-control-wrap\" data-name=\"E-mail-768\"><input size=\"40\" maxlength=\"400\" class=\"wpcf7-form-control wpcf7-email wpcf7-text wpcf7-validates-as-email\" aria-invalid=\"false\" placeholder=\"El. pa\u0161tas\" value=\"\" type=\"email\" name=\"E-mail-768\" \/><\/span>\n<span class=\"wpcf7-form-control-wrap\" data-name=\"Subject-789\"><input size=\"40\" maxlength=\"400\" class=\"wpcf7-form-control wpcf7-text\" aria-invalid=\"false\" placeholder=\"Tema\" value=\"\" type=\"text\" name=\"Subject-789\" \/><\/span>\n<span class=\"wpcf7-form-control-wrap\" data-name=\"Message-14\"><textarea cols=\"40\" rows=\"10\" maxlength=\"2000\" class=\"wpcf7-form-control wpcf7-textarea\" aria-invalid=\"false\" placeholder=\"\u017dinut\u0117\" name=\"Message-14\"><\/textarea><\/span>\n<input class=\"wpcf7-form-control wpcf7-submit has-spinner Sumbit\" id=\"Sumbit\" type=\"submit\" value=\"Si\u0173sti\" \/><div class=\"wpcf7-response-output\" aria-hidden=\"true\"><\/div>\n<input type=\"hidden\" name=\"trp-form-language\" value=\"lt\"\/><\/form>\n<\/div>\n\n\n            <\/div><!-- aux-col-wrapper -->\n    <\/section><!-- widget-container -->\t\t\t\t<\/div>\n\t\t\t\t<\/div>\n\t\t\t\t<\/div>\n\t\t<div class=\"elementor-element elementor-element-bb22aec e-con-full e-flex e-con e-child\" data-id=\"bb22aec\" data-element_type=\"container\">\n\t\t\t\t<div class=\"elementor-element elementor-element-9256754 elementor-widget elementor-widget-google_maps\" data-id=\"9256754\" data-element_type=\"widget\" data-widget_type=\"google_maps.default\">\n\t\t\t\t<div class=\"elementor-widget-container\">\n\t\t\t\t\t\t\t<div class=\"elementor-custom-embed\">\n\t\t\t<iframe loading=\"lazy\"\n\t\t\t\t\tsrc=\"https:\/\/maps.google.com\/maps?q=Naujinink%C5%B3%20g.%203%2C%20Naujinink%C5%B3%20k.%2C%20LT-17280%20%C5%A0al%C4%8Dinink%C5%B3%20r.&#038;t=m&#038;z=8&#038;output=embed&#038;iwloc=near\"\n\t\t\t\t\ttitle=\"Naujinink\u0173 g. 3, Naujinink\u0173 k., LT-17280 \u0160al\u010dinink\u0173 r.\"\n\t\t\t\t\taria-label=\"Naujinink\u0173 g. 3, Naujinink\u0173 k., LT-17280 \u0160al\u010dinink\u0173 r.\"\n\t\t\t><\/iframe>\n\t\t<\/div>\n\t\t\t\t\t\t<\/div>\n\t\t\t\t<\/div>\n\t\t<div class=\"elementor-element elementor-element-7c08b48 e-con-full e-flex e-con e-child\" data-id=\"7c08b48\" data-element_type=\"container\">\n\t\t<div class=\"elementor-element elementor-element-3647a39 aux-appear-watch-animation aux-fade-in-right e-con-full e-flex e-con e-child\" data-id=\"3647a39\" data-element_type=\"container\" data-settings=\"{&quot;background_background&quot;:&quot;classic&quot;}\">\n\t\t\t\t<div class=\"elementor-element elementor-element-0b70a48 elementor-widget elementor-widget-aux_modern_heading\" data-id=\"0b70a48\" data-element_type=\"widget\" data-widget_type=\"aux_modern_heading.default\">\n\t\t\t\t<div class=\"elementor-widget-container\">\n\t\t\t\t\t<section class=\"aux-widget-modern-heading\">\n            <div class=\"aux-widget-inner\"><h6 class=\"aux-modern-heading-primary\">Adresas:\n\n<\/h6><h3 class=\"aux-modern-heading-secondary\"><span class=\"aux-head-before\">Naujinink\u0173 g. 3, Naujinink\u0173 k., LT-17280 \u0160al\u010dinink\u0173 r.<\/span><\/h3><\/div>\n        <\/section>\t\t\t\t<\/div>\n\t\t\t\t<\/div>\n\t\t\t\t<\/div>\n\t\t<div class=\"elementor-element elementor-element-31a6a85 aux-appear-watch-animation aux-fade-in-right e-con-full e-flex e-con e-child\" data-id=\"31a6a85\" data-element_type=\"container\" data-settings=\"{&quot;background_background&quot;:&quot;classic&quot;}\">\n\t\t\t\t<div class=\"elementor-element elementor-element-9f68517 elementor-widget elementor-widget-aux_modern_heading\" data-id=\"9f68517\" data-element_type=\"widget\" data-widget_type=\"aux_modern_heading.default\">\n\t\t\t\t<div class=\"elementor-widget-container\">\n\t\t\t\t\t<section class=\"aux-widget-modern-heading\">\n            <div class=\"aux-widget-inner\"><h6 class=\"aux-modern-heading-primary\">Kontaktai:\n\n<\/h6><h3 class=\"aux-modern-heading-secondary\"><span class=\"aux-head-before\">info@elitasgroup.lt <br> +370 (680) 35083<\/span><\/h3><\/div>\n        <\/section>\t\t\t\t<\/div>\n\t\t\t\t<\/div>\n\t\t\t\t<\/div>\n\t\t<div class=\"elementor-element elementor-element-d3db113 aux-appear-watch-animation aux-fade-in-right e-con-full e-flex e-con e-child\" data-id=\"d3db113\" data-element_type=\"container\" data-settings=\"{&quot;background_background&quot;:&quot;classic&quot;}\">\n\t\t\t\t<div class=\"elementor-element elementor-element-2a07105 elementor-widget elementor-widget-aux_modern_heading\" data-id=\"2a07105\" data-element_type=\"widget\" data-widget_type=\"aux_modern_heading.default\">\n\t\t\t\t<div class=\"elementor-widget-container\">\n\t\t\t\t\t<section class=\"aux-widget-modern-heading\">\n            <div class=\"aux-widget-inner\"><h6 class=\"aux-modern-heading-primary\">Darbo laikas:\n\n<\/h6><h3 class=\"aux-modern-heading-secondary\"><span class=\"aux-head-before\">Pirmadienis \u2013 Penktadienis 09:00 \u2013 23:00\n<br> Sekmadienis 09:00 \u2013 16:00<\/span><\/h3><\/div>\n        <\/section>\t\t\t\t<\/div>\n\t\t\t\t<\/div>\n\t\t\t\t<\/div>\n\t\t\t\t<\/div>\n\t\t\t\t<\/div>\n\t\t\t\t<\/div>\n\t\t\t\t<\/div>","protected":false},"excerpt":{"rendered":"<p>Contact Us Get In Touch Whether you need paving, ground preparation, or full-site development \u2014 we\u2019re ready to help. Send us a message and our team will get back to you shortly. Address: Naujinink\u0173 g. 3, Naujinink\u0173 k., LT-17280 \u0160al\u010dinink\u0173 r. Contact: info@elitasgroup.lt +370 (680) 35083 Opening Hours: Monday \u2013 Friday 09.00 \u2013 23.00 Sunday [&hellip;]<\/p>","protected":false},"author":1,"featured_media":0,"parent":0,"menu_order":0,"comment_status":"closed","ping_status":"closed","template":"templates\/page-builder-content.php","meta":{"footnotes":""},"class_list":["post-115","page","type-page","status-publish","hentry"],"_links":{"self":[{"href":"https:\/\/elitasgroup.lt\/lt\/wp-json\/wp\/v2\/pages\/115","targetHints":{"allow":["GET"]}}],"collection":[{"href":"https:\/\/elitasgroup.lt\/lt\/wp-json\/wp\/v2\/pages"}],"about":[{"href":"https:\/\/elitasgroup.lt\/lt\/wp-json\/wp\/v2\/types\/page"}],"author":[{"embeddable":true,"href":"https:\/\/elitasgroup.lt\/lt\/wp-json\/wp\/v2\/users\/1"}],"replies":[{"embeddable":true,"href":"https:\/\/elitasgroup.lt\/lt\/wp-json\/wp\/v2\/comments?post=115"}],"version-history":[{"count":27,"href":"https:\/\/elitasgroup.lt\/lt\/wp-json\/wp\/v2\/pages\/115\/revisions"}],"predecessor-version":[{"id":635,"href":"https:\/\/elitasgroup.lt\/lt\/wp-json\/wp\/v2\/pages\/115\/revisions\/635"}],"wp:attachment":[{"href":"https:\/\/elitasgroup.lt\/lt\/wp-json\/wp\/v2\/media?parent=115"}],"curies":[{"name":"wp","href":"https:\/\/api.w.org\/{rel}","templated":true}]}}