{"id":118,"date":"2019-01-09T07:57:37","date_gmt":"2019-01-09T04:57:37","guid":{"rendered":"https:\/\/elitasgroup.lt\/about\/"},"modified":"2025-07-22T18:28:05","modified_gmt":"2025-07-22T15:28:05","slug":"about","status":"publish","type":"page","link":"https:\/\/elitasgroup.lt\/lt\/about\/","title":{"rendered":"Apie mus"},"content":{"rendered":"<div data-elementor-type=\"wp-post\" data-elementor-id=\"118\" class=\"elementor elementor-118\">\n\t\t\t\t<div class=\"aux-parallax-section elementor-element elementor-element-de3fdc8 e-flex e-con-boxed e-con e-parent\" data-id=\"de3fdc8\" data-element_type=\"container\">\n\t\t\t\t\t<div class=\"e-con-inner\">\n\t\t<div class=\"elementor-element elementor-element-bbb2e41 e-con-full e-flex e-con e-child\" data-id=\"bbb2e41\" data-element_type=\"container\">\n\t\t\t\t<div class=\"elementor-element elementor-element-b4217ba aux-appear-watch-animation aux-fade-in-up elementor-widget elementor-widget-aux_modern_heading\" data-id=\"b4217ba\" data-element_type=\"widget\" data-widget_type=\"aux_modern_heading.default\">\n\t\t\t\t<div class=\"elementor-widget-container\">\n\t\t\t\t\t<section class=\"aux-widget-modern-heading\">\n            <div class=\"aux-widget-inner\"><div class=\"aux-modern-heading-divider\"><\/div><h6 class=\"aux-modern-heading-primary\">Apie Elitas Group<\/h6><h6 class=\"aux-modern-heading-secondary\"><span class=\"aux-head-before\">Tiesiame kelius. Kuriame pasitik\u0117jim\u0105.<\/span><\/h6><div class=\"aux-modern-heading-description\"><p>Elitas Group \u2013 tai Lietuvos \u012fmon\u0117, teikianti asfaltavimo, keli\u0173 tiesimo ir dang\u0173 atnaujinimo paslaugas. Mes padedame gyventojams, verslams ir savivaldyb\u0117ms kurti patikim\u0105 infrastrukt\u016br\u0105, kuri ilgai tarnaus.<\/p><p>Nuo priva\u010di\u0173 \u012fva\u017eiavim\u0173 iki didelio masto keli\u0173 projekt\u0173 \u2013 did\u017eiuojam\u0117s kokybi\u0161ku darbu, kur\u012f atliekame naudodami moderni\u0105 technik\u0105, patikrintas med\u017eiagas ir patyrusius specialistus.<\/p><\/div><\/div>\n        <\/section>\t\t\t\t<\/div>\n\t\t\t\t<\/div>\n\t\t\t\t<\/div>\n\t\t<div class=\"elementor-element elementor-element-19dc248 e-con-full e-flex e-con e-child\" data-id=\"19dc248\" data-element_type=\"container\" id=\"main-img-right\">\n\t\t\t\t<div class=\"elementor-element elementor-element-1c7fad0 aux-appear-watch-animation aux-mask-from-top elementor-widget elementor-widget-aux_image\" data-id=\"1c7fad0\" data-element_type=\"widget\" data-widget_type=\"aux_image.default\">\n\t\t\t\t<div class=\"elementor-widget-container\">\n\t\t\t\t\t<section class=\"widget-container aux-widget-image aux-alignnone aux-parent-aubedeb64b\">\n    <div class=\"aux-media-hint-frame\">\n        <div class=\"aux-media-image\" >\n        \n            \n\n            \n            <img fetchpriority=\"high\" decoding=\"async\" width=\"1536\" height=\"1024\" src=\"data:image\/gif;base64,R0lGODlhAQABAIAAAAAAAP\/\/\/yH5BAEAAAAALAAAAAABAAEAAAIBRAA7\" class=\"aux-attachment aux-featured-image aux-attachment-id-434 aux-preload aux-blank\" alt=\"banner-road-3\" data-ratio=\"1.5\" data-original-w=\"1536\" data-src=\"https:\/\/elitasgroup.lt\/wp-content\/uploads\/2025\/07\/banner-road-3.png\" \/>            \n                <\/div>\n    <\/div>\n\n<\/section><!-- widget-container -->\t\t\t\t<\/div>\n\t\t\t\t<\/div>\n\t\t\t\t<\/div>\n\t\t\t\t\t<\/div>\n\t\t\t\t<\/div>\n\t\t\t\t<\/div>","protected":false},"excerpt":{"rendered":"<p>About Elitas Group Building Roads. Building Trust. MB &#8220;Elitas&#8221; is a Lithuanian company specializing in asphalt paving, road construction, and surface improvement works. We help individuals, businesses, and municipalities build durable infrastructure that stands the test of time. From private driveways to large-scale road projects, we take pride in delivering high-quality results using modern machinery, [&hellip;]<\/p>","protected":false},"author":1,"featured_media":0,"parent":0,"menu_order":0,"comment_status":"closed","ping_status":"closed","template":"templates\/page-builder-content.php","meta":{"footnotes":""},"class_list":["post-118","page","type-page","status-publish","hentry"],"_links":{"self":[{"href":"https:\/\/elitasgroup.lt\/lt\/wp-json\/wp\/v2\/pages\/118","targetHints":{"allow":["GET"]}}],"collection":[{"href":"https:\/\/elitasgroup.lt\/lt\/wp-json\/wp\/v2\/pages"}],"about":[{"href":"https:\/\/elitasgroup.lt\/lt\/wp-json\/wp\/v2\/types\/page"}],"author":[{"embeddable":true,"href":"https:\/\/elitasgroup.lt\/lt\/wp-json\/wp\/v2\/users\/1"}],"replies":[{"embeddable":true,"href":"https:\/\/elitasgroup.lt\/lt\/wp-json\/wp\/v2\/comments?post=118"}],"version-history":[{"count":60,"href":"https:\/\/elitasgroup.lt\/lt\/wp-json\/wp\/v2\/pages\/118\/revisions"}],"predecessor-version":[{"id":539,"href":"https:\/\/elitasgroup.lt\/lt\/wp-json\/wp\/v2\/pages\/118\/revisions\/539"}],"wp:attachment":[{"href":"https:\/\/elitasgroup.lt\/lt\/wp-json\/wp\/v2\/media?parent=118"}],"curies":[{"name":"wp","href":"https:\/\/api.w.org\/{rel}","templated":true}]}}